{"id":263,"date":"2017-03-08T12:32:42","date_gmt":"2017-03-08T12:32:42","guid":{"rendered":"http:\/\/www.positive-psychologie.ch\/?page_id=263"},"modified":"2017-10-13T09:17:56","modified_gmt":"2017-10-13T09:17:56","slug":"allgemeins-zum-flow","status":"publish","type":"page","link":"http:\/\/www.positive-psychologie.ch\/?page_id=263","title":{"rendered":"Links"},"content":{"rendered":"<p><a href=\"https:\/\/www.swippa.ch\/de\/\"><strong>SWIPPA \u2013 Swiss Positive Psychology Association <\/strong><\/a><br \/>\nSWIPPA ist die schweizerische Gesellschaft f\u00fcr Positive Psychologie, die den Austausch von Forschung, Wissenschaft und Praxis der Positiven Psychologie f\u00f6rdert.<\/p>\n<p><a href=\"https:\/\/www.ippanetwork.org\"><strong>IPPA \u2013 International Positive Psychology Association <\/strong><\/a><br \/>\nIPPA ist ein internationaler Verband von mehr als 70 L\u00e4ndern, der die Wissenschaft der Positiven Psychologie f\u00f6rdern, die Zusammenarbeit auf der ganzen Welt erleichtern und die Ergebnisse mit einem m\u00f6glichst breiten Publikum teilen m\u00f6chte. <\/p>\n<p><strong><a href=\"https:\/\/enpp.eu\">ENPP- European Network for Positive Psychology<\/a><\/strong><br \/>\nDas ENPP ist ein europ\u00e4isches Netzwerk, welches sich \u00fcber wissenschaftliche Erkenntnisse und die Forschung im Bereich der Positiven Psychologie austauscht. Zweij\u00e4hrlich werden europ\u00e4ische Kongresse zur Positiven Psychologie organisiert.<\/p>\n<p><a href=\"http:\/\/www.ipositive-education.net\"><strong>IPEN \u2013 International Positive Education Network <\/strong><\/a><br \/>\nDas internationale positive Bildungsnetzwerk m\u00f6chte Lehrer, Eltern, Akademiker, Studenten, Schulen, Hochschulen, Universit\u00e4ten, Wohlt\u00e4tigkeitsorganisationen, Unternehmen und Regierungen zusammenbringen um positive Bildung zu f\u00f6rdern. <\/p>\n<p><a href=\"http:\/\/www.appa.or.at\"><strong>APPA \u2013 Austrian Positive Psychology Association <\/strong><\/a><br \/>\nAPPA ist eine \u00f6sterreichische Positive Psychologie Plattform, bei der man sich wissenschaftlich \u00fcber Themen der Positiven Psychologie auseinandersetzten kann.<\/p>\n<p><a href=\"http:\/\/www.dach-pp.eu\"><strong>Dachverband f\u00fcr Positive Psychologie <\/strong><\/a><br \/>\nDer Dachverband f\u00fcr Positive Psychologie ist ein gemeinn\u00fctziger Verein, der die Positive Psychologie und ihre Anwendung f\u00fcr ein breites Publikum im deutschsprachigen Raum zug\u00e4nglich machen m\u00f6chte. <\/p>\n<p><strong><a href=\"http:\/\/dgppf.de\">Deutsche Gesellschaft f\u00fcr Positiv-Psychologische Forschung <\/a><\/strong><br \/>\nDie deutsche Gesellschaft f\u00fcr Positiv-Psychologische Forschung ist ein interdisziplin\u00e4rer Forschungs- und Lehrverbund der Positiven Psychologie, der die wissenschaftliche Positive Psychologie f\u00f6rdern und verbreiten m\u00f6chte. <\/p>\n<p>Der berufsbegleitende universit\u00e4re Studiengang <strong><a href=\"http:\/\/www.weiterbildung.uzh.ch\/programme\/detail.php?angebnr=736\">\u201eCertificate of Advanced Studies (CAS) Positive Psychologie\u201c<\/a><\/strong> bietet eine fundierte theoretische und praktische Ausbildung im Bereich der Positiven Psychologie.<\/p>\n","protected":false},"excerpt":{"rendered":"<p>SWIPPA \u2013 Swiss Positive Psychology Association SWIPPA ist die schweizerische Gesellschaft f\u00fcr Positive Psychologie, die den Austausch von Forschung, Wissenschaft und Praxis der Positiven Psychologie [&hellip;]<\/p>\n","protected":false},"author":1,"featured_media":0,"parent":0,"menu_order":0,"comment_status":"closed","ping_status":"closed","template":"","meta":{"footnotes":""},"class_list":["post-263","page","type-page","status-publish","hentry"],"_links":{"self":[{"href":"http:\/\/www.positive-psychologie.ch\/index.php?rest_route=\/wp\/v2\/pages\/263","targetHints":{"allow":["GET"]}}],"collection":[{"href":"http:\/\/www.positive-psychologie.ch\/index.php?rest_route=\/wp\/v2\/pages"}],"about":[{"href":"http:\/\/www.positive-psychologie.ch\/index.php?rest_route=\/wp\/v2\/types\/page"}],"author":[{"embeddable":true,"href":"http:\/\/www.positive-psychologie.ch\/index.php?rest_route=\/wp\/v2\/users\/1"}],"replies":[{"embeddable":true,"href":"http:\/\/www.positive-psychologie.ch\/index.php?rest_route=%2Fwp%2Fv2%2Fcomments&post=263"}],"version-history":[{"count":12,"href":"http:\/\/www.positive-psychologie.ch\/index.php?rest_route=\/wp\/v2\/pages\/263\/revisions"}],"predecessor-version":[{"id":732,"href":"http:\/\/www.positive-psychologie.ch\/index.php?rest_route=\/wp\/v2\/pages\/263\/revisions\/732"}],"wp:attachment":[{"href":"http:\/\/www.positive-psychologie.ch\/index.php?rest_route=%2Fwp%2Fv2%2Fmedia&parent=263"}],"curies":[{"name":"wp","href":"https:\/\/api.w.org\/{rel}","templated":true}]}}