{"id":340,"date":"2017-06-02T13:48:07","date_gmt":"2017-06-02T13:48:07","guid":{"rendered":"http:\/\/www.positive-psychologie.ch\/?page_id=340"},"modified":"2017-12-14T10:19:57","modified_gmt":"2017-12-14T10:19:57","slug":"veranstaltungen","status":"publish","type":"page","link":"http:\/\/www.positive-psychologie.ch\/?page_id=340","title":{"rendered":"Veranstaltungen"},"content":{"rendered":"<p><a href=\"https:\/\/www.dach-pp.eu\/aktuelles\"><strong>Kongress des DACH-Verbands f\u00fcr Positive Psychologie<\/strong><\/a><br \/>\nDatum: 22.-23.09.2018<br \/>\nOrt: N\u00fcrnberg, Deutschland<br \/>\nInformationen: Die Kongresse des DACH-PP finden im deutschsprachigem Raum statt. Das Programm umfasst sowohl Keynotes, Vortr\u00e4ge als auch Workshops aus Forschung und Praxis. Ein besonderes Augenmerk wird auf die Positive Psychologie im deutschsprachigem Raum gelegt.  <\/p>\n<p><a href=\"http:\/\/www.letitripple.org\/character-day\/ \"><strong>Character Day \u2013 \u201cTag des Charakters\u201c<\/strong><\/a><br \/>\nDatum: 26.09.2018<br \/>\nDer Character Day bezeichnet eine global stattfindende Veranstaltung, bei der wissenschaftliche Filme zum Thema Charakterentwicklung gezeigt werden. Ziele dieser Veranstaltung sind, anhand verschiedener Medien und Ressourcen auf relevante Themen aufmerksam zu machen und zur Diskussion sowie Aktion zu animieren. Konkret setzen sich die Teilnehmenden am Character Day mit ihrem eigenen Charakter und mit der Frage auseinander, wie sie ihre Charakterst\u00e4rken entwickeln und einsetzen k\u00f6nnen. Anschliessend werden potenzielle Entwicklungsm\u00f6glichkeiten, basierend auf wissenschaftlichen Ergebnissen, besprochen und \u2013 wenn m\u00f6glich \u2013 auch umgesetzt. Gegr\u00fcndet wurde der Character Day im Jahr 2014 durch Tiffany Shlain und das Let it Ripple-Team, als der Kurzfilm \u201eThe Science of Character\u201c, welcher die sozialwissenschaftliche und neurowissenschaftliche Perspektive von Charakterentwicklung umfasst, weltweit ausgestrahlt wurde. <\/p>\n<p><strong>Vergangene Veranstaltungen:<\/strong><\/p>\n<p><a href=\"http:\/\/www.isqols2017.org\"><strong>ISQOLS 15th Conference<\/strong><\/a><br \/>\nDatum: 27.-30.09.2017<br \/>\nOrt: Innsbruck, \u00d6sterreich<br \/>\nInformationen: ISQOLS-Konferenzen bieten einen Raum f\u00fcr ForscherInnen, um ihre Forschungsergebnisse \u00fcber die Lebensqualit\u00e4t, das Wohlbefinden und das Gl\u00fcck zu pr\u00e4sentieren und ihre Relevanz f\u00fcr die Politikgestaltung zu diskutieren. Teilnehmende aus allen Ecken der Welt, aus vielen Disziplinen, mit unterschiedlichen methodischen und theoretischen Perspektiven verfolgen ein gemeinsames Ziel: Erzeugen von forschungsbasiertem Wissen, um zum Wohlbefinden in Gesellschaften beizutragen<\/p>\n<p><a href=\"http:\/\/www2.supsi.ch\/cms\/wellbeing\/\"><strong>International Conference on Well-being in Education Systems<\/strong><\/a><br \/>\nDatum:\u00a020.-22.11.2017<br \/>\nOrt:\u00a0Locarno, Schweiz<br \/>\nInformationen: Die International Conference on Well-being in Education Systems bietet ForscherInnen die M\u00f6glichkeit, wissenschaftliche Beitr\u00e4ge zu Wohlbefinden und Bildung zu pr\u00e4sentieren. Im heurigem Jahr liegt der Fokus auf folgenden Themen:<br \/>\n&#8211; \u00dcberwachung des Wohlbefindens in Schulgemeinschaften<br \/>\n&#8211; Pr\u00e4ventionsmassnahmen<br \/>\n&#8211; Methodische Ans\u00e4tze und Instrumente zur Messung des Wohlbefindens<br \/>\n&#8211; Das Wohlbefinden von Studenten, Lehrern und Schulpersonal<br \/>\n&#8211; Schulklima und Wohlbefinden<br \/>\n&#8211; K\u00f6rperliche Schulumgebung und Wohlbefinden<br \/>\n&#8211; Wohlbefinden und \u00dcberg\u00e4nge durch Bildungssysteme und dar\u00fcber hinaus<br \/>\n&#8211; Erfahrungen und Praktiken bei der F\u00f6rderung des Wohlbefindens in der Schule<\/p>\n<p><a href=\"https:\/\/www.swippa.ch\/de\/veranstaltungen\/uebersicht.html\"><strong>SWIPPA Fachtagung<\/strong><\/a><br \/>\nDatum: 24.11.2017<br \/>\nOrt: Z\u00fcrich, Schweiz<br \/>\nInformationen: Die SWIPPA-Fachtagung bietet sowohl Wissenschaftlern, als auch Praktizierenden ein abwechslungsreiches Programm. Neben zwei Keynotes zu &#8222;Sinn f\u00fcr das Sch\u00f6ne als Charakterst\u00e4rke \u2014 mehr als nur eine sch\u00f6ne Nebensache&#8220; sowie &#8222;Wege zu einem guten Leben: Psychologie der Lebenskunst&#8220;, werden Workshops, Symposien, und ein Posterkongress zu aktuellen Forschungsarbeiten und Anwendungen zu Positiver Psychologie in den Bereichen Arbeitsplatz, P\u00e4dagogik, Gesundheitswesen und Kunst angeboten.<\/p>\n","protected":false},"excerpt":{"rendered":"<p>Kongress des DACH-Verbands f\u00fcr Positive Psychologie Datum: 22.-23.09.2018 Ort: N\u00fcrnberg, Deutschland Informationen: Die Kongresse des DACH-PP finden im deutschsprachigem Raum statt. Das Programm umfasst sowohl [&hellip;]<\/p>\n","protected":false},"author":1,"featured_media":0,"parent":0,"menu_order":0,"comment_status":"closed","ping_status":"closed","template":"","meta":{"footnotes":""},"class_list":["post-340","page","type-page","status-publish","hentry"],"_links":{"self":[{"href":"http:\/\/www.positive-psychologie.ch\/index.php?rest_route=\/wp\/v2\/pages\/340","targetHints":{"allow":["GET"]}}],"collection":[{"href":"http:\/\/www.positive-psychologie.ch\/index.php?rest_route=\/wp\/v2\/pages"}],"about":[{"href":"http:\/\/www.positive-psychologie.ch\/index.php?rest_route=\/wp\/v2\/types\/page"}],"author":[{"embeddable":true,"href":"http:\/\/www.positive-psychologie.ch\/index.php?rest_route=\/wp\/v2\/users\/1"}],"replies":[{"embeddable":true,"href":"http:\/\/www.positive-psychologie.ch\/index.php?rest_route=%2Fwp%2Fv2%2Fcomments&post=340"}],"version-history":[{"count":18,"href":"http:\/\/www.positive-psychologie.ch\/index.php?rest_route=\/wp\/v2\/pages\/340\/revisions"}],"predecessor-version":[{"id":758,"href":"http:\/\/www.positive-psychologie.ch\/index.php?rest_route=\/wp\/v2\/pages\/340\/revisions\/758"}],"wp:attachment":[{"href":"http:\/\/www.positive-psychologie.ch\/index.php?rest_route=%2Fwp%2Fv2%2Fmedia&parent=340"}],"curies":[{"name":"wp","href":"https:\/\/api.w.org\/{rel}","templated":true}]}}