{"id":617,"date":"2017-08-22T09:20:37","date_gmt":"2017-08-22T09:20:37","guid":{"rendered":"http:\/\/www.positive-psychologie.ch\/?page_id=617"},"modified":"2022-02-24T18:12:13","modified_gmt":"2022-02-24T18:12:13","slug":"wirtschaft-2","status":"publish","type":"page","link":"http:\/\/www.positive-psychologie.ch\/?page_id=617","title":{"rendered":"Arbeitsplatz"},"content":{"rendered":"<p>Erkenntnisse aus der Positiven Psychologie werden vor allem im Arbeitskontext eingesetzt, um die Leistung und das Wohlbefinden von Mitarbeitern und F\u00fchrungskr\u00e4ften zu steigern. Da man einen grossen Teil des Lebens bei der Arbeit verbringt, interessieren sich immer mehr Organisationen und F\u00fchrungskr\u00e4fte daf\u00fcr, wie man psychologische Techniken im Arbeitsplatz einsetzten kann, um die Leistung, die Motivation, das Engagement, die Teamarbeit, die Arbeitszufriedenheit und vieles mehr zu verbessern. Im Folgenden werden einige Themen der Positiven Psychologie aus dem Arbeitskontext dargestellt.<\/p>\n<div style=\"display: none;\">http:\/\/www.positive-psychologie.ch\/?page_id=31#wirtschaft<br \/>\n<a name=\"wirtschaft\"><\/a><\/p>\n<h3>Wirtschaft<\/h3>\n<p>Erkenntnisse aus der Positiven Psychologie k\u00f6nnen auch im Arbeitskontext eingesetzt werden, um die Leistung und das Wohlbefinden zu erh\u00f6hen. Da man einen grossen Teil des Lebens bei der Arbeit verbringt, interessieren sich immer mehr Organisationen und F\u00fchrungskr\u00e4fte daf\u00fcr, wie man psychologische Techniken im Arbeitsplatz einsetzten kann, um die Leistung, die Motivation, das Engagement, die Teamarbeit, die Arbeitszufriedenheit und vieles mehr zu verbessern. Im Folgenden werden einige Themen der Positiven Psychologie aus dem Arbeitskontext dargestellt.<\/p><\/div>\n<div style=\"display: none;\">http:\/\/www.positive-psychologie.ch\/?page_id=31#sigarbeit<\/div>\n<p><a name=\"sigarbeit\"><\/a><\/p>\n<h3>Der Einsatz von Signaturst\u00e4rken am Arbeitsplatz<\/h3>\n<p>Die Anwendung von Signaturst\u00e4rken am Arbeitsplatz h\u00e4ngt mit Berufszufriedenheit zusammen. In einer Studie (Harzer &amp; Ruch, 2013), in der Signaturst\u00e4rken und das Einsetzen dieser St\u00e4rken untersucht wurde, zeigten Personen, die vier oder mehr Signaturst\u00e4rken bei der Arbeit anwenden konnten, die h\u00f6chsten Werte im positiven Erleben. Im Gegensatz zu jenen Personen, die drei oder weniger Signaturst\u00e4rken einsetzten konnten, erlebten sie ihre Arbeit in einem st\u00e4rkeren Ausmass als sinnvoll und als Berufung. Zudem empfanden sie mehr Freude am Arbeiten und konnten in der Arbeit aufgehen.<\/p>\n<p>Harzer, C., &amp; Ruch, W. (2013). The application of signature character strengths and positive experiences at work. <em>Journal of Happiness Studies, 14,<\/em> 965\u2013983. doi:10.1007\/s10902-012-9364-0<\/p>\n<div style=\"display: none;\">http:\/\/www.positive-psychologie.ch\/?page_id=31#ocb<br \/>\n<a name=\"ocb\"><\/a><\/div>\n<h3>Organizational Citizenship Behavior (OCB)<\/h3>\n<p>Beim OCB handelt es sich um freiwilliges und selbstbestimmtes Verhalten, das sich positiv auf die Funktionsf\u00e4higkeit der Organisation auswirkt und in der Regel nicht durch Anreizsysteme belohnt wird. Es beinhaltet f\u00fcnf Facetten: Altruismus, generalisierte Compliance, Zuvorkommenheit, Fairness und gemeinschaftliche Tugenden. Positive organisationale Verhaltensweisen (POB), wie zum Beispiel Hoffnung, Resilienz, Optimismus und Selbstwirksamkeit h\u00e4ngen positiv mit OCB zusammen. Personen, die h\u00f6her in POB sind, engagieren sich eher in OCB. Personen, die h\u00e4ufiger positive Emotionen erleben, sind auch besser im sozialen System der Organisation integriert und sind in Folge engagierter und weisen mehr OCB auf.<\/p>\n<p>Pouramini, Z., &amp; Fayyazi, M. (2015). The relationship between positive organizational behavior with job satisfaction, organizational citizenship behavior, and employee engagement. <em>International business research, 8(9),<\/em> 57-66.<\/p>\n<div style=\"display: none;\">http:\/\/www.positive-psychologie.ch\/?page_id=31#teamarbeit<br \/>\n<a name=\"teamarbeit\"><\/a><\/div>\n<h3>Teamarbeit<\/h3>\n<p>In Teamwork aufzubl\u00fchen, ist nicht nur f\u00fcr die Teammitglieder, sondern auch f\u00fcr die Organisation relevant, da zunehmend Teams f\u00fcr die wichtigsten Leistungen in Unternehmen verantwortlich sind. Eine passende Zusammensetzung von Teammitgliedern ist f\u00fcr den Erfolg des Teams relevant. Damit ein Team aufbl\u00fchen kann, sind sowohl die Inputs (positiv bewertete Diversit\u00e4t im Team, positive Beziehungen, klare Rollen), der Prozess (Optimismus, Vertrauen, Lernm\u00f6glichkeiten, unterst\u00fctzende F\u00fchrung) als auch die Outputs (Teamleistung, Wohlbefinden und Innovation) relevant. Inputvariablen (u.a. Charakterst\u00e4rken) k\u00f6nnen vorhersagen, wie sich jemand im Teamsetting verhalten wird. Dies kann zum Beispiel bei der Zusammenstellung und bei der Beratung von Teams ber\u00fccksichtigt werden. Das VIA Institute on Character entwickelte 2013 ein Teamrollen-Modell, welches sich auf positive Aspekte des Teamverhaltens konzentriert. Dieses beschreibt und unterscheidet sieben verschiedene Teamrollen, die f\u00fcr den Einzelnen (z.B. in Bezug auf die Arbeitszufriedenheit) und f\u00fcr das Team (z.B. in Bezug auf Teamproduktivit\u00e4t) vorteilhaft sind. In der unterliegenden Tabelle werden die sieben Teamrollen beschrieben. W\u00e4hrend die Charakterst\u00e4rken Tatendrang, Teamwork, F\u00fchrungsverm\u00f6gen und Hoffnung in den meisten Teamrollen eine hohe Auspr\u00e4gung aufweisen, gibt es manche Charakterst\u00e4rken, die f\u00fcr einzelne Teamrollen besonders typisch sind. Beispielsweise schreiben sich Personen, mit einer hohen Auspr\u00e4gung in den Charakterst\u00e4rken \u201eKreativit\u00e4t\u201c \u201eNeugier\u201c, \u201eTapferkeit\u201c und \u201eDankbarkeit\u201c eher die Teamrolle \u201eIdea Creator\u201c zu. Weitere Ergebnisse k\u00f6nnen in der Tabelle entnommen werden.<\/p>\n\n<table id=\"tablepress-1\" class=\"tablepress tablepress-id-1\">\n<thead>\n<tr class=\"row-1\">\n\t<th class=\"column-1\">Teamrolle<\/th><th class=\"column-2\">Beschreibung<\/th><th class=\"column-3\">Charakterst\u00e4rken<\/th>\n<\/tr>\n<\/thead>\n<tbody class=\"row-striping row-hover\">\n<tr class=\"row-2\">\n\t<td class=\"column-1\">Idea Creator (Ideen-Entwickler\/in)<\/td><td class=\"column-2\">Bei der Arbeit im Team ist das Kreieren von neuen Ideen, um zu einer L\u00f6sung f\u00fcr ein schwieriges Problem oder Aufgabe zu kommen, unerl\u00e4sslich. Dabei sind Idea Creators Personen, welche \u00fcber unkonventionelle Wege zu L\u00f6sungen und Ideen kommen.<\/td><td class=\"column-3\">Kreativit\u00e4t, Neugier, Tapferkeit und Dankbarkeit<\/td>\n<\/tr>\n<tr class=\"row-3\">\n\t<td class=\"column-1\">Information Gatherer (Informationen-Sammler\/in)<\/td><td class=\"column-2\">Information Gatherers suchen nach Informationen zu verschiedenen Themen wie zum Beispiel optimalen Vorgehensweisen, neuen Trends, potenzielle (Ver-)K\u00e4ufer, dem Wettbewerb, und so weiter.<\/td><td class=\"column-3\">Ausdauer, Bescheidenheit, Vorsicht und Selbstregulation<\/td>\n<\/tr>\n<tr class=\"row-4\">\n\t<td class=\"column-1\">Decision Maker (Entscheidungstr\u00e4ger\/in)<\/td><td class=\"column-2\">Decision Makers verarbeiten alle vorliegenden Informationen und integrieren diese, um die bestm\u00f6gliche Entscheidung zu treffen und Ziele zu verdeutlichen.<\/td><td class=\"column-3\">Tapferkeit, Ausdauer, und Ehrlichkeit<\/td>\n<\/tr>\n<tr class=\"row-5\">\n\t<td class=\"column-1\">Implementer (Umsetzer\/in)<\/td><td class=\"column-2\">Nachdem ein Team Entscheidungen und Ziele definiert hat, muss es diese umsetzen. Dabei kontrollieren die Implementer fortw\u00e4hrend den aktuellen Stand des Projekts und ergreifen Massnahmen, um dem Ziel n\u00e4her zu kommen.<\/td><td class=\"column-3\">Ausdauer, Ehrlichkeit und Selbstregulation<\/td>\n<\/tr>\n<tr class=\"row-6\">\n\t<td class=\"column-1\">Influencer (Beeinflusser\/in)<\/td><td class=\"column-2\">\u00dcblicherweise m\u00fcssen die Arbeitsergebnisse des Teams von den Influencern intern (Vorgesetzte, Administratoren ) und \/ oder extern (Kunden) pr\u00e4sentiert werden. Dies ist ein Prozess des Beeinflussens und des \u00dcberzeugens.<\/td><td class=\"column-3\">Tapferkeit und soziale Intelligenz<\/td>\n<\/tr>\n<tr class=\"row-7\">\n\t<td class=\"column-1\">Energizer (Antreiber\/in)<\/td><td class=\"column-2\">Energizer sind Personen, welche w\u00e4hrend der Arbeitsbew\u00e4ltigung viel Energie bei ihrer Arbeit und bei Anderen erwecken. Teams ohne gen\u00fcgend Energie verpuffen und haben M\u00fche mit Druck oder l\u00e4ngeren Projekten, welche Ausdauer erfordern.<\/td><td class=\"column-3\">Dankbarkeit, F\u00e4higkeit, zu lieben und geliebt zu werden, Freundlichkeit, soziale Intelligenz und Ausdauer<\/td>\n<\/tr>\n<tr class=\"row-8\">\n\t<td class=\"column-1\">Relationship Manager (Beziehungsmanager\/in)<\/td><td class=\"column-2\">Teamarbeit stellt ein dynamisches Zusammenspiel verschiedener Personen und deren Beziehungen dar. Die Relationship Manager unterst\u00fctzen die zwischenmenschlichen Beziehungen und das Gruppenklima und helfen beim L\u00f6sen von Konflikten.<\/td><td class=\"column-3\">Soziale Intelligenz, Freundlichkeit und Fairness<\/td>\n<\/tr>\n<\/tbody>\n<\/table>\n<!-- #tablepress-1 from cache -->\n<p>Personen, die im allgemeinen h\u00f6here Werte in Charakterst\u00e4rken aufweisen, finden sich in mehr Rollen wieder. Alle Teamrollen gehen positiv mit Arbeitszufriedenheit einher. Eine besonders hohe Arbeitszufriedenheit weisen die Ideen-EntwicklerInnen und AntreiberInnen auf, wohingegen die Informationen-Sammler eine etwas niedrigere Auspr\u00e4gung in der Arbeitszufriedenheit berichten. Jene Personen, die mehr Rollen einnehmen, geben eine h\u00f6here Arbeitszufriedenheit an.<\/p>\n<p>Richardson, J., &amp; West, M. A. (2010). Dream teams: A positive psychology of team working. In P. A. Linley, S. Harrington, &amp; N. Page (Eds.), <em>Handbook of positive psychology and work<\/em> (pp. 235\u2014249). New York: Oxford University Press.<\/p>\n<p>Ruch, W., Gander, F., Platt, T., &amp; Hofmann, J. (2016). Team roles: Their relationships to character strengths and job satisfaction. <em>The Journal of Positive Psychology.<\/em> Advance online publication. doi:10.1080\/17439760.2016.1257051<\/p>\n<div style=\"display: none;\">http:\/\/www.positive-psychologie.ch\/?page_id=31#jobcraft<br \/>\n<a name=\"jobcraft\"><\/a><\/div>\n<h3>Job Crafting<\/h3>\n<p>Job Crafting bedeutet eine aktive physische, kognitive oder soziale Umgestaltung des Arbeitsplatzes die durch Mitarbeitende geschieht. Diese gestalten entweder Aufgaben oder Beziehungen gem\u00e4ss ihren eigenen Pr\u00e4ferenzen um. Aufgaben k\u00f6nnen physisch oder kognitiv umgestaltet werden. Eine physische Umgestaltung erfolgt, wenn die Art oder Anzahl der Aktivit\u00e4ten ver\u00e4ndert wird. Eine kognitive Umgestaltung findet statt, wenn die Art und Weise den Job zu sehen, umgestaltet wird. Die Umgestaltung von Beziehungen erfolgt durch ver\u00e4nderte Interaktionen mit anderen (mit wem interagiert wird oder um welche Art der Interaktion es sich handelt). Durch diese Handlungen k\u00f6nnen Mitarbeitende innerhalb eines definierten Jobs das soziale Arbeitsumfeld ver\u00e4ndern und einen andersartigen Job schaffen, der ihnen selbst mehr entspricht. Job Crafting beeinflusst sowohl die Bedeutung\/den Sinn der Arbeit, als auch die eigene Arbeitsidentit\u00e4t. Die Bedeutung der Arbeit beinhaltet, was Einzelpersonen unter den Zweck ihrer Arbeit verstehen oder was sie glauben, was durch die Arbeit erreicht werden kann. Unter Arbeitsidentit\u00e4t versteht man, wie Einzelpersonen den Arbeitsplatz und sich selbst am Arbeitsplatz definieren. Job Crafting wirkt sich auf pers\u00f6nliche und organisationale Leistungen der Organisation aus (Bacaksiz, Tuna &amp; Seren, 2017). Um Job Crafting nutzen und f\u00f6rdern zu k\u00f6nnen, ist es notwendig, die Motivationen der Job Crafter zu verstehen. Die Motivation Job Crafting zu betreiben, erw\u00e4chst aus drei individuellen Grundbed\u00fcrfnissen: dem Bed\u00fcrfnis nach Kontrolle, dem Bed\u00fcrfnis nach einem positiven Selbstbild und dem Bed\u00fcrfnis nach zwischenmenschlichen Beziehungen. Ob eine Person ihre Arbeit umgestalten wird, h\u00e4ngt neben der Motivation auch von der individuellen Arbeitsorientierung, der Jobfunktion und der wahrgenommenen M\u00f6glichkeit, den Job ver\u00e4ndern zu k\u00f6nnen, ab. Um Job Crafting f\u00fcr die Organisation nutzen zu k\u00f6nnen ist es vonn\u00f6ten, das Konzept in die Unternehmenspolitik zu implementieren. Dies kann schon bei der Einstellung von Mitarbeitenden geschehen, indem eine St\u00e4rkenanalyse beim Mitarbeiter\/bei der Mitarbeiterin durchgef\u00fchrt wird. Zudem k\u00f6nnten Mitarbeitende \u00fcber ihre Laufbahn hinweg begleitet werden, um St\u00e4rken positiv f\u00fcr die Arbeit n\u00fctzen und einsetzen zu k\u00f6nnen. Charakterst\u00e4rken k\u00f6nnten demnach genutzt werden, um den Arbeitsplatz so umzugestalten, dass er f\u00fcr die Unternehmensleistung gewinnbringend ist und sich auch f\u00fcr den Mitarbeitenden positiv auswirkt. Beispielswiese k\u00f6nnte man den verst\u00e4rkten Einsatz von Signaturst\u00e4rken f\u00f6rdern, da dieser, Studienergebnissen zu Folge (Harzer &amp; Ruch, 2013), das Wohlbefinden und die Freude am Arbeitsplatz steigert.<\/p>\n<p>Harzer, C., &amp; Ruch, W. (2013). The application of signature character strengths and positive experiences at work. <em>Journal of Happiness Studies, 14,<\/em> 965\u2013983. doi:10.1007\/s10902-012-9364-0<\/p>\n<p>Wrzesniewski, A., &amp; Dutton, J. E. (2001). Crafting a job: Revisioning employees as active crafters of their work. <em>Academy of Management Review, 26,<\/em> 179-201.<\/p>\n<div style=\"display: none;\">http:\/\/www.positive-psychologie.ch\/?page_id=31#calling<br \/>\n<a name=\"calling\"><\/a><\/div>\n<h3>Calling<\/h3>\n<p>Personen, die ihre Arbeit als Berufung (= Calling) sehen, verbringen mehr Zeit am Arbeitsplatz, unabh\u00e4ngig davon, ob sie f\u00fcr ihre Arbeit bezahlt werden oder nicht. Zudem weisen diese Personen eine h\u00f6here Lebens- und Arbeitszufriedenheit auf als jene Personen, die ihre Arbeit als einen Job (Arbeit wird als Notwendigkeit gesehen, um Geld zu verdienen) oder eine Karriere (Fokus wird auf die Weiterentwicklung\/den beruflichen Aufstieg gelegt) sehen. Erstere finden in der Arbeit Erf\u00fcllung, wohingegen Personen die ihre Arbeit als Job oder als Karriere ansehen, tiefere Zufriedenheit mit ihrer Freizeit oder in Beziehungen ausserhalb des Arbeitsplatzes berichten.<\/p>\n<p>In Arbeitsgruppen, in denen der Anteil von Personen, die ihre Arbeit als Berufung sehen, h\u00f6her ist, berichten die Teammitglieder eine st\u00e4rkere Identifikation mit dem Team, weniger Konflikte, mehr Glauben und Vertrauen in das Management und mehr Commitment zum Team (Wrzesniewski, 2003). Zudem sind sie zufriedener mit ihren KollegInnen und der Arbeit.<\/p>\n<p>Da Personen, die in ihrer Arbeit eine Berufung sehen, eine h\u00f6here Arbeitszufriedenheit aufweisen und Arbeitszufriedenheit positiv mit Arbeitsleistung korreliert. Kann man annehmen, dass die leistungsst\u00e4rksten Mitarbeiter in einer Organisation, ihren Job auch eher als eine Berufung sehen (Wrzesniewski &amp; Landmann, 2000). Die Ergebnisse einer Studie, bei der Wrzesniewski und Landman (2000) Arbeitsorientierungen und Leistung in Pflegeberufen untersuchten, zeigten, dass Personen mit Callings Topleistungen erbrachten (allerdings erhielten Wszesniewski und Landman (2000) nur Leistungsdaten von Personen mit Callings).<\/p>\n<p>Da Calling mit positiven Konsequenzen einhergehen kann, ist es w\u00fcnschenswert das Erleben von Calling zu erleichtern. Job Calling tritt eher auf, wenn Jobanforderungen, F\u00e4higkeiten und Charakterst\u00e4rken \u00fcbereinstimmen. Vor allem der Einsatz von Signaturst\u00e4rken am Arbeitsplatz steht positiv mit Calling in Verbindung. Aus diesem Grund k\u00f6nnten F\u00fchrungskr\u00e4fte, wie auch schon oben beim Job Crafting beschrieben, Charakterst\u00e4rken analysieren und ihren Einsatz im Unternehmen f\u00f6rdern. Dies erfolgt indem die situationalen Umst\u00e4nde so ge\u00e4ndert werden, dass die Signaturst\u00e4rken eingesetzt werden k\u00f6nnen.<\/p>\n<p>Harzer, C., &amp; Ruch, W. (2012). When the job is a calling: The role of applying one\u2019s signature strengths at work. <em>The Journal of Positive Psychology, 7,<\/em> 362-371. doi:10.1080\/17439760.2012.702784<\/p>\n<p>Wrzesniewski, A. (2003). Finding positive meaning in work. In K. S. Cameron, J. E. Dutton, &amp; R. E. Quinn (Eds.), <em>Positive Organizational Scholarship<\/em> (pp. 296-308). San Francisco, CA: Berrett-Koehler.<\/p>\n<p>Wrzesniewski, A., &amp; Landman, J. (2000). Occupational choice and regret: Decision antecedents and their outcomes. Unpublished manuscript.<\/p>\n<p>Wrzesniewski, A., McCauley, C., Rozin, P., &amp; Schwartz, B. (1997). Jobs, careers, and callings: People\u2019s relations to their work. <em>Journal of Research in Personality, 33,<\/em> 21\u201433. doi:10.1006\/jrpe.1997.2162<\/p>\n<div style=\"display: none;\">http:\/\/www.positive-psychologie.ch\/?page_id=31#pos<br \/>\n<a name=\"pos\"><\/a><\/div>\n<h3>Positive Organizational Scholarship<\/h3>\n<p>Positive Organizational Scholarship (POS; Cameron, Dutton &amp; Quinn, 2003) befasst sich mit der Untersuchung positiver Merkmale, Prozesse und Ergebnisse von Organisationen und deren Mitgliedern. POS legt den Fokus auf Dynamiken, die als exzellent, tugendhaft, widerstandsf\u00e4hig oder erf\u00fcllend beschrieben werden k\u00f6nnen. Ziel von POS ist die Bedingungen zu verstehen, unter denen Menschen am besten funktionieren und wie man diese erreichen kann.<br \/>\nPOS befasst sich haupts\u00e4chlich mit drei Ebenen, n\u00e4mlich 1. positive \u2013 2. organizational \u2013<br \/>\n3. scholarships. Erstes bezieht sich auf die Erkl\u00e4rung positiver Zust\u00e4nde, wie zum Beispiel Resilienz oder Sinnhaftigkeit und der damit verbundenen Dynamiken und Ergebnisse, wie beispielsweise Dankbarkeit oder positive Beziehungen. Inhalt des zweiten Konzepts ist die Untersuchung positiver Prozesse und Zust\u00e4nde, die im organisationalen Kontext stattfinden. Zudem wird beschrieben, wie Prozesse und Kontexte mit positiven Zust\u00e4nden in Individuen, Gruppen und Organisationen sowie ausserordentlich positiven Ergebnissen verkn\u00fcpft sind. Das dritte Konzept betont die Wichtigkeit wissenschaftlicher Studien und theoretischer Begr\u00fcndungen. Aufbauend auf diesem Fundament werden Interventionen entwickelt und Empfehlungen, um beispielsweise Wohlbefinden oder Erf\u00fcllung zu erlangen, ausgesprochen.<\/p>\n<p>Cameron, K. S., Dutton, J. E., &amp; Quinn, R. E. (2003). <em>Positive organizational scholarships: Foundations of new discipline.<\/em> San Francisco, CA: Berrett-Koehler Publishers, Inc.<\/p>\n<div style=\"display: none;\">http:\/\/www.positive-psychologie.ch\/?page_id=31#poslead<br \/>\n<a name=\"poslead\"><\/a><\/div>\n<h3>Positive Leadership (Positive F\u00fchrung)<\/h3>\n<p>Der Ansatz der positiven F\u00fchrung entwickelte sich aus den Grundannahmen der positiven Psychologie, die sich in der betriebswirtschaftlichen Praxis bew\u00e4hrt haben (Creusen &amp; Eschemann, 2008). Das Fundament der positiven F\u00fchrung ist das psychologische Kapital, zu dem die Selbstwirksamkeit, die Hoffnung und Zielerreichung, der Optimismus und die Resilienz z\u00e4hlen. Selbstwirksamkeit zeichnet sich durch den Glauben Ziele erreichen zu k\u00f6nnen aus. Hoffnung und Zielerreichung hat jemand, der motiviert ist und entschieden das Ziel angeht. Optimismus \u00e4ussert sich durch eine positive Erwartung an die Zukunft und das sich-selbst-zuschreiben von Erfolgen aus. Widerstandsf\u00e4higkeit oder Resilienz ist die F\u00e4higkeit trotz ung\u00fcnstiger Umst\u00e4nde positiv und voller Ressourcen zu bleiben. Diese Eigenschaften gehen mit einer gesteigerten Zufriedenheit einher. Positive F\u00fchrung stellt das Wohlbefinden der Menschen im Unternehmen und die Leistungsf\u00e4higkeit der Organisation in den Mittelpunkt. Der positive F\u00fchrungsansatz besteht aus vier Elementen: der Talenteentwicklung, dem Engagement, der Entwicklung einer Vision und der Beteiligung (Teamentwicklung).<\/p>\n<p>Der erste Schritt, die Talenteentwicklung, erfolgt durch die Erfassung von Charakterst\u00e4rken und ihre Implementierung in den Arbeitskontext (Peterson &amp; Seligman, 2004).<\/p>\n<p>Um das Engagement zu steigern wird der Flow Ansatz von Csikszentmihalyi verwendet. Beim Flow treffen individuelle F\u00e4higkeiten auf hohe Herausforderungen, Personen versinken in die T\u00e4tigkeit, verlieren dabei jegliches Zeitgef\u00fchl und als Folge werden positive Emotionen erfahren. Um Flow-Zust\u00e4nde zu erleben, ist es notwendig eine Balance zwischen F\u00e4higkeiten und Anforderungen zu erzielen. T\u00e4tigkeiten, bei denen Flow erlebt werden, sollten identifiziert und ausgeweitet werden.<\/p>\n<p>Der dritte Aspekt, die Entwicklung einer motivierenden Unternehmensvision gr\u00fcndet sich im Built to Last-Ansatz von Collins und Porras (1996). Visionen k\u00f6nnen Sinn und Sinngebung geben, Identifikation mit dem Unternehmen und Motivation bei der Arbeit schaffen.<\/p>\n<p>F\u00fcr den vierten Aspekt, die Teamentwicklung, wird der Grid Ansatz von Blake und Mouton (1964) verwendet. Die Beteiligung aller Mitarbeiter f\u00fchrt zu einem Miteinander, das positive Resultate und Erfolge mit sich zieht. Das Grid-Modell unterscheidet zwischen einer Menschen- und Sachorientierung und analysiert und ver\u00e4ndert eigenes und fremdes Verhalten. Diese beiden Orientierungen k\u00f6nnen anhand zweier Achsen dargestellt werden, die sich in neun Stufen unterteilen. Daraus ergeben sich theoretisch 81 verschiedene Verhaltensmuster. F\u00fcnf dieser Verhalten werden als wesentlich betrachtet: Das \u201e\u00dcberlebensmanagement\u201c, \u201eCountry-Club-Management\u201c, \u201eOrganisationsmanagement\u201c, \u201eBefehl-Gehorsam-Management\u201c, und \u201eTeammanagement\u201c. Das Teammanagement wird als idealer F\u00fchrungsstil angesehen. Dieser wird durch hohe Arbeitsleistung von begeisterten Mitarbeitern gekennzeichnet. Dieser Stil zeichnet sich durch eine offene Kommunikation, Verantwortung, gemeinsame Probleml\u00f6sung und Entscheidungsfindung aus. Beim Befehl-Gehorsam-Management ist die F\u00fchrungskraft stark aufgabenorientiert, nimmt jedoch wenig R\u00fccksicht auf zwischenmenschliche Beziehungen. Beim Organisationsmanagement werden sowohl die Beziehungs- als auch die Aufgabenorientierung miteinander verbunden. Das Country-Club-Management betont zwischenmenschliche Beziehungen und schenkt den Bed\u00fcrfnissen der Mitarbeiter viel Beachtung. Dies f\u00fchrt zu einer bequemen und freundlichen Atmosph\u00e4re und zu einem entsprechenden Arbeitstempo. Das \u00dcberlebensmanagement zeichnet sich durch eine geringe Aufgabenorientierung und geringe Beziehungsorientierung aus. Bei diesem F\u00fchrungsstil hat die F\u00fchrungskraft die geringstm\u00f6gliche Einwirkung auf die Arbeitsleistung und auf die Mitarbeiter.<\/p>\n<p>Blake, R. R., &amp; Mouton, J. S. (1964). <em>The Managerial Grid: The key to leadership excellence.<\/em> Houston, TX: Gulf Publishing Company.<\/p>\n<p>Creusen, U., &amp; Eschemann, N. (2008). Talente finden und f\u00f6rdern. Harvard Business Manager, 30(1), 54-65.<\/p>\n<p>Creusen, U., &amp; Eschemann, N. (2008). <em>Zum Gl\u00fcck gibt&#8217;s Erfolg: Wie Positive Leadership zu H\u00f6chstleistung f\u00fchrt.<\/em> Z\u00fcrich: Orell F\u00fcssli Verlag AG.<\/p>\n<p>Collins, J. C. &amp; Porras, J. I. (1996). Building your company\u2019s vision. <em>Harvard Business Review,<\/em> 65-77.<\/p>\n<p>Hunziker, A. W. (2018). <em>Positiv f\u00fchren: Leadership \u2013 mit Wertsch\u00e4tzung zum Erfolg.<\/em> Schwabe AG.<\/p>\n<p>Peterson, C., &amp; Seligman, M. E. P. (2004). <em>Character strengths and virtues: A handbook and classification.<\/em> New York: Oxford University Press and Washington, DC: American Psychological Association.<\/p>\n","protected":false},"excerpt":{"rendered":"<p>Erkenntnisse aus der Positiven Psychologie werden vor allem im Arbeitskontext eingesetzt, um die Leistung und das Wohlbefinden von Mitarbeitern und F\u00fchrungskr\u00e4ften zu steigern. Da man [&hellip;]<\/p>\n","protected":false},"author":1,"featured_media":0,"parent":0,"menu_order":0,"comment_status":"closed","ping_status":"closed","template":"","meta":{"footnotes":""},"class_list":["post-617","page","type-page","status-publish","hentry"],"_links":{"self":[{"href":"http:\/\/www.positive-psychologie.ch\/index.php?rest_route=\/wp\/v2\/pages\/617","targetHints":{"allow":["GET"]}}],"collection":[{"href":"http:\/\/www.positive-psychologie.ch\/index.php?rest_route=\/wp\/v2\/pages"}],"about":[{"href":"http:\/\/www.positive-psychologie.ch\/index.php?rest_route=\/wp\/v2\/types\/page"}],"author":[{"embeddable":true,"href":"http:\/\/www.positive-psychologie.ch\/index.php?rest_route=\/wp\/v2\/users\/1"}],"replies":[{"embeddable":true,"href":"http:\/\/www.positive-psychologie.ch\/index.php?rest_route=%2Fwp%2Fv2%2Fcomments&post=617"}],"version-history":[{"count":12,"href":"http:\/\/www.positive-psychologie.ch\/index.php?rest_route=\/wp\/v2\/pages\/617\/revisions"}],"predecessor-version":[{"id":1294,"href":"http:\/\/www.positive-psychologie.ch\/index.php?rest_route=\/wp\/v2\/pages\/617\/revisions\/1294"}],"wp:attachment":[{"href":"http:\/\/www.positive-psychologie.ch\/index.php?rest_route=%2Fwp%2Fv2%2Fmedia&parent=617"}],"curies":[{"name":"wp","href":"https:\/\/api.w.org\/{rel}","templated":true}]}}