{"id":619,"date":"2017-08-22T09:20:38","date_gmt":"2017-08-22T09:20:38","guid":{"rendered":"http:\/\/www.positive-psychologie.ch\/?page_id=619"},"modified":"2017-08-22T10:07:41","modified_gmt":"2017-08-22T10:07:41","slug":"organizational-citizenship-behavior-ocb","status":"publish","type":"page","link":"http:\/\/www.positive-psychologie.ch\/?page_id=619","title":{"rendered":"Organizational Citizenship Behavior (OCB)"},"content":{"rendered":"<p><a name=\"ocb\"><\/a><br \/>\nBeim OCB handelt es sich um freiwilliges und selbstbestimmtes Verhalten, das sich positiv auf die Funktionsf\u00e4higkeit der Organisation auswirkt und in der Regel nicht durch Anreizsysteme belohnt wird. Es beinhaltet f\u00fcnf Facetten: Altruismus, generalisierte Compliance, Zuvorkommenheit, Fairness und gemeinschaftliche Tugenden. Positive organisationale Verhaltensweisen (POB), wie zum Beispiel Hoffnung, Resilienz, Optimismus und Selbstwirksamkeit h\u00e4ngen positiv mit OCB zusammen. Personen, die h\u00f6her in POB sind, engagieren sich eher in OCB. Personen, die h\u00e4ufiger positive Emotionen erleben, sind auch besser im sozialen System der Organisation integriert und sind in Folge engagierter und weisen mehr OCB auf. <\/p>\n<h3>Referenz<\/h3>\n<p>Pouramini, Z., &#038; Fayyazi, M. (2015). The relationship between positive organizational behavior with job satisfaction, organizational citizenship behavior, and employee engagement. <em>International business research, 8(9),<\/em> 57-66.<\/p>\n","protected":false},"excerpt":{"rendered":"<p>Beim OCB handelt es sich um freiwilliges und selbstbestimmtes Verhalten, das sich positiv auf die Funktionsf\u00e4higkeit der Organisation auswirkt und in der Regel nicht durch [&hellip;]<\/p>\n","protected":false},"author":1,"featured_media":0,"parent":0,"menu_order":0,"comment_status":"closed","ping_status":"closed","template":"","meta":{"footnotes":""},"class_list":["post-619","page","type-page","status-publish","hentry"],"_links":{"self":[{"href":"http:\/\/www.positive-psychologie.ch\/index.php?rest_route=\/wp\/v2\/pages\/619","targetHints":{"allow":["GET"]}}],"collection":[{"href":"http:\/\/www.positive-psychologie.ch\/index.php?rest_route=\/wp\/v2\/pages"}],"about":[{"href":"http:\/\/www.positive-psychologie.ch\/index.php?rest_route=\/wp\/v2\/types\/page"}],"author":[{"embeddable":true,"href":"http:\/\/www.positive-psychologie.ch\/index.php?rest_route=\/wp\/v2\/users\/1"}],"replies":[{"embeddable":true,"href":"http:\/\/www.positive-psychologie.ch\/index.php?rest_route=%2Fwp%2Fv2%2Fcomments&post=619"}],"version-history":[{"count":3,"href":"http:\/\/www.positive-psychologie.ch\/index.php?rest_route=\/wp\/v2\/pages\/619\/revisions"}],"predecessor-version":[{"id":685,"href":"http:\/\/www.positive-psychologie.ch\/index.php?rest_route=\/wp\/v2\/pages\/619\/revisions\/685"}],"wp:attachment":[{"href":"http:\/\/www.positive-psychologie.ch\/index.php?rest_route=%2Fwp%2Fv2%2Fmedia&parent=619"}],"curies":[{"name":"wp","href":"https:\/\/api.w.org\/{rel}","templated":true}]}}