{"id":620,"date":"2017-08-22T09:20:38","date_gmt":"2017-08-22T09:20:38","guid":{"rendered":"http:\/\/www.positive-psychologie.ch\/?page_id=620"},"modified":"2017-08-22T10:08:09","modified_gmt":"2017-08-22T10:08:09","slug":"teamarbeit","status":"publish","type":"page","link":"http:\/\/www.positive-psychologie.ch\/?page_id=620","title":{"rendered":"Teamarbeit"},"content":{"rendered":"<p><a name=\"teamarbeit\"><\/a><br \/>\nIn Teamwork aufzubl\u00fchen, ist nicht nur f\u00fcr die Teammitglieder, sondern auch f\u00fcr die Organisation relevant, da zunehmend Teams f\u00fcr die wichtigsten Leistungen in Unternehmen verantwortlich sind. Eine passende Zusammensetzung von Teammitgliedern ist f\u00fcr den Erfolg des Teams relevant. Damit ein Team aufbl\u00fchen kann, sind sowohl die Inputs (positiv bewertete Diversit\u00e4t im Team, positive Beziehungen, klare Rollen), der Prozess (Optimismus, Vertrauen, Lernm\u00f6glichkeiten, unterst\u00fctzende F\u00fchrung) als auch die Outputs (Teamleistung, Wohlbefinden und Innovation) relevant. Inputvariablen (u.a. Charakterst\u00e4rken) k\u00f6nnen vorhersagen, wie sich jemand im Teamsetting verhalten wird. Dies kann zum Beispiel bei der Zusammenstellung und bei der Beratung von Teams ber\u00fccksichtigt werden. Das VIA Institute on Character entwickelte 2013 ein Teamrollen-Modell, welches sich auf positive Aspekte des Teamverhaltens konzentriert. Dieses beschreibt und unterscheidet sieben verschiedene Teamrollen, die f\u00fcr den Einzelnen (z.B. in Bezug auf die Arbeitszufriedenheit) und f\u00fcr das Team (z.B. in Bezug auf Teamproduktivit\u00e4t) vorteilhaft sind. In der unterliegenden Tabelle werden die sieben Teamrollen beschrieben. W\u00e4hrend die Charakterst\u00e4rken Tatendrang, Teamwork, F\u00fchrungsverm\u00f6gen und Hoffnung in den meisten Teamrollen eine hohe Auspr\u00e4gung aufweisen, gibt es manche Charakterst\u00e4rken, die f\u00fcr einzelne Teamrollen besonders typisch sind. Beispielsweise schreiben sich Personen, mit einer hohen Auspr\u00e4gung in den Charakterst\u00e4rken \u201eKreativit\u00e4t\u201c \u201eNeugier\u201c, \u201eTapferkeit\u201c und \u201eDankbarkeit\u201c eher die Teamrolle \u201eIdea Creator\u201c zu. Weitere Ergebnisse k\u00f6nnen in der Tabelle entnommen werden.<\/p>\n\n<table id=\"tablepress-1\" class=\"tablepress tablepress-id-1\">\n<thead>\n<tr class=\"row-1\">\n\t<th class=\"column-1\">Teamrolle<\/th><th class=\"column-2\">Beschreibung<\/th><th class=\"column-3\">Charakterst\u00e4rken<\/th>\n<\/tr>\n<\/thead>\n<tbody class=\"row-striping row-hover\">\n<tr class=\"row-2\">\n\t<td class=\"column-1\">Idea Creator (Ideen-Entwickler\/in)<\/td><td class=\"column-2\">Bei der Arbeit im Team ist das Kreieren von neuen Ideen, um zu einer L\u00f6sung f\u00fcr ein schwieriges Problem oder Aufgabe zu kommen, unerl\u00e4sslich. Dabei sind Idea Creators Personen, welche \u00fcber unkonventionelle Wege zu L\u00f6sungen und Ideen kommen.<\/td><td class=\"column-3\">Kreativit\u00e4t, Neugier, Tapferkeit und Dankbarkeit<\/td>\n<\/tr>\n<tr class=\"row-3\">\n\t<td class=\"column-1\">Information Gatherer (Informationen-Sammler\/in)<\/td><td class=\"column-2\">Information Gatherers suchen nach Informationen zu verschiedenen Themen wie zum Beispiel optimalen Vorgehensweisen, neuen Trends, potenzielle (Ver-)K\u00e4ufer, dem Wettbewerb, und so weiter.<\/td><td class=\"column-3\">Ausdauer, Bescheidenheit, Vorsicht und Selbstregulation<\/td>\n<\/tr>\n<tr class=\"row-4\">\n\t<td class=\"column-1\">Decision Maker (Entscheidungstr\u00e4ger\/in)<\/td><td class=\"column-2\">Decision Makers verarbeiten alle vorliegenden Informationen und integrieren diese, um die bestm\u00f6gliche Entscheidung zu treffen und Ziele zu verdeutlichen.<\/td><td class=\"column-3\">Tapferkeit, Ausdauer, und Ehrlichkeit<\/td>\n<\/tr>\n<tr class=\"row-5\">\n\t<td class=\"column-1\">Implementer (Umsetzer\/in)<\/td><td class=\"column-2\">Nachdem ein Team Entscheidungen und Ziele definiert hat, muss es diese umsetzen. Dabei kontrollieren die Implementer fortw\u00e4hrend den aktuellen Stand des Projekts und ergreifen Massnahmen, um dem Ziel n\u00e4her zu kommen.<\/td><td class=\"column-3\">Ausdauer, Ehrlichkeit und Selbstregulation<\/td>\n<\/tr>\n<tr class=\"row-6\">\n\t<td class=\"column-1\">Influencer (Beeinflusser\/in)<\/td><td class=\"column-2\">\u00dcblicherweise m\u00fcssen die Arbeitsergebnisse des Teams von den Influencern intern (Vorgesetzte, Administratoren ) und \/ oder extern (Kunden) pr\u00e4sentiert werden. Dies ist ein Prozess des Beeinflussens und des \u00dcberzeugens.<\/td><td class=\"column-3\">Tapferkeit und soziale Intelligenz<\/td>\n<\/tr>\n<tr class=\"row-7\">\n\t<td class=\"column-1\">Energizer (Antreiber\/in)<\/td><td class=\"column-2\">Energizer sind Personen, welche w\u00e4hrend der Arbeitsbew\u00e4ltigung viel Energie bei ihrer Arbeit und bei Anderen erwecken. Teams ohne gen\u00fcgend Energie verpuffen und haben M\u00fche mit Druck oder l\u00e4ngeren Projekten, welche Ausdauer erfordern.<\/td><td class=\"column-3\">Dankbarkeit, F\u00e4higkeit, zu lieben und geliebt zu werden, Freundlichkeit, soziale Intelligenz und Ausdauer<\/td>\n<\/tr>\n<tr class=\"row-8\">\n\t<td class=\"column-1\">Relationship Manager (Beziehungsmanager\/in)<\/td><td class=\"column-2\">Teamarbeit stellt ein dynamisches Zusammenspiel verschiedener Personen und deren Beziehungen dar. Die Relationship Manager unterst\u00fctzen die zwischenmenschlichen Beziehungen und das Gruppenklima und helfen beim L\u00f6sen von Konflikten.<\/td><td class=\"column-3\">Soziale Intelligenz, Freundlichkeit und Fairness<\/td>\n<\/tr>\n<\/tbody>\n<\/table>\n<!-- #tablepress-1 from cache -->\n<p>Personen, die im allgemeinen h\u00f6here Werte in Charakterst\u00e4rken aufweisen, finden sich in mehr Rollen wieder. Alle Teamrollen gehen positiv mit Arbeitszufriedenheit einher. Eine besonders hohe Arbeitszufriedenheit weisen die Ideen-EntwicklerInnen und AntreiberInnen auf, wohingegen die Informationen-Sammler eine etwas niedrigere Auspr\u00e4gung in der Arbeitszufriedenheit berichten. Jene Personen, die mehr Rollen einnehmen, geben eine h\u00f6here Arbeitszufriedenheit an. <\/p>\n<h3>Referenzen<\/h3>\n<p>Richardson, J., &#038; West, M. A. (2010). Dream teams: A positive psychology of team working. In P. A. Linley, S. Harrington, &#038; N. Page (Eds.), <em>Handbook of positive psychology and work<\/em> (pp. 235\u2014249). New York: Oxford University Press. <\/p>\n<p>Ruch, W., Gander, F., Platt, T., &#038; Hofmann, J. (2016). Team roles: Their relationships to character strengths and job satisfaction. <em>The Journal of Positive Psychology.<\/em> Advance online publication. doi:10.1080\/17439760.2016.1257051<\/p>\n","protected":false},"excerpt":{"rendered":"<p>In Teamwork aufzubl\u00fchen, ist nicht nur f\u00fcr die Teammitglieder, sondern auch f\u00fcr die Organisation relevant, da zunehmend Teams f\u00fcr die wichtigsten Leistungen in Unternehmen verantwortlich [&hellip;]<\/p>\n","protected":false},"author":1,"featured_media":0,"parent":0,"menu_order":0,"comment_status":"closed","ping_status":"closed","template":"","meta":{"footnotes":""},"class_list":["post-620","page","type-page","status-publish","hentry"],"_links":{"self":[{"href":"http:\/\/www.positive-psychologie.ch\/index.php?rest_route=\/wp\/v2\/pages\/620","targetHints":{"allow":["GET"]}}],"collection":[{"href":"http:\/\/www.positive-psychologie.ch\/index.php?rest_route=\/wp\/v2\/pages"}],"about":[{"href":"http:\/\/www.positive-psychologie.ch\/index.php?rest_route=\/wp\/v2\/types\/page"}],"author":[{"embeddable":true,"href":"http:\/\/www.positive-psychologie.ch\/index.php?rest_route=\/wp\/v2\/users\/1"}],"replies":[{"embeddable":true,"href":"http:\/\/www.positive-psychologie.ch\/index.php?rest_route=%2Fwp%2Fv2%2Fcomments&post=620"}],"version-history":[{"count":3,"href":"http:\/\/www.positive-psychologie.ch\/index.php?rest_route=\/wp\/v2\/pages\/620\/revisions"}],"predecessor-version":[{"id":686,"href":"http:\/\/www.positive-psychologie.ch\/index.php?rest_route=\/wp\/v2\/pages\/620\/revisions\/686"}],"wp:attachment":[{"href":"http:\/\/www.positive-psychologie.ch\/index.php?rest_route=%2Fwp%2Fv2%2Fmedia&parent=620"}],"curies":[{"name":"wp","href":"https:\/\/api.w.org\/{rel}","templated":true}]}}